{"id":1159,"date":"2023-07-25T11:27:56","date_gmt":"2023-07-25T11:27:56","guid":{"rendered":"http:\/\/localhost\/bic-comores\/?page_id=1159"},"modified":"2023-12-13T04:25:30","modified_gmt":"2023-12-13T04:25:30","slug":"afgmobile","status":"publish","type":"page","link":"https:\/\/aabvie.net\/en\/afgmobile\/","title":{"rendered":"AFG Assur Mobile"},"content":{"rendered":"<p>Avec AFG Assur Mobile votre couverture d\u2019assurance au bout de vos doigts. \u00a0Vous acc\u00e9dez \u00e0 nos services et\u00a0 g\u00e9rez vos polices en ligne, o\u00f9 que vous soyez et \u00e0 tout moment.<\/p>\n","protected":false},"excerpt":{"rendered":"<p>Avec AFG Assur Mobile votre couverture d\u2019assurance au bout de vos doigts. \u00a0Vous acc\u00e9dez \u00e0 nos services et\u00a0 g\u00e9rez vos polices en ligne, o\u00f9 que vous soyez et \u00e0 tout moment.<\/p>\n","protected":false},"author":2,"featured_media":1720,"parent":0,"menu_order":0,"comment_status":"closed","ping_status":"closed","template":"afgmobile.php","meta":{"_acf_changed":false,"footnotes":""},"class_list":["post-1159","page","type-page","status-publish","has-post-thumbnail","hentry"],"acf":[],"_links":{"self":[{"href":"https:\/\/aabvie.net\/en\/wp-json\/wp\/v2\/pages\/1159","targetHints":{"allow":["GET"]}}],"collection":[{"href":"https:\/\/aabvie.net\/en\/wp-json\/wp\/v2\/pages"}],"about":[{"href":"https:\/\/aabvie.net\/en\/wp-json\/wp\/v2\/types\/page"}],"author":[{"embeddable":true,"href":"https:\/\/aabvie.net\/en\/wp-json\/wp\/v2\/users\/2"}],"replies":[{"embeddable":true,"href":"https:\/\/aabvie.net\/en\/wp-json\/wp\/v2\/comments?post=1159"}],"version-history":[{"count":7,"href":"https:\/\/aabvie.net\/en\/wp-json\/wp\/v2\/pages\/1159\/revisions"}],"predecessor-version":[{"id":1721,"href":"https:\/\/aabvie.net\/en\/wp-json\/wp\/v2\/pages\/1159\/revisions\/1721"}],"wp:featuredmedia":[{"embeddable":true,"href":"https:\/\/aabvie.net\/en\/wp-json\/wp\/v2\/media\/1720"}],"wp:attachment":[{"href":"https:\/\/aabvie.net\/en\/wp-json\/wp\/v2\/media?parent=1159"}],"curies":[{"name":"wp","href":"https:\/\/api.w.org\/{rel}","templated":true}]}}